{"id":1253,"date":"2024-02-11T14:51:36","date_gmt":"2024-02-11T14:51:36","guid":{"rendered":"https:\/\/niyamdu-dro.fr\/?page_id=1253"},"modified":"2024-11-15T09:50:37","modified_gmt":"2024-11-15T09:50:37","slug":"nos-actions-en-un-tableau","status":"publish","type":"page","link":"https:\/\/niyamdu-dro.fr\/?page_id=1253","title":{"rendered":"Toutes nos actions en un tableau"},"content":{"rendered":"\t\t<div data-elementor-type=\"wp-page\" data-elementor-id=\"1253\" class=\"elementor elementor-1253\">\n\t\t\t\t<div class=\"elementor-element elementor-element-393df7f e-flex e-con-boxed wpr-particle-no wpr-jarallax-no wpr-parallax-no wpr-sticky-section-no e-con e-parent\" data-id=\"393df7f\" data-element_type=\"container\">\n\t\t\t\t\t<div class=\"e-con-inner\">\n\t\t\t\t<div class=\"elementor-element elementor-element-33a5f18 wpr-flip-box-animation-flip wpr-flip-box-animation-3d-yes wpr-flip-box-anim-direction-right wpr-flip-box-front-align-center wpr-flip-box-back-align-center elementor-widget elementor-widget-wpr-flip-box\" data-id=\"33a5f18\" data-element_type=\"widget\" data-widget_type=\"wpr-flip-box.default\">\n\t\t\t\t<div class=\"elementor-widget-container\">\n\t\t\t\t\t\t\n\t\t<div class=\"wpr-flip-box\" data-trigger=\"hover\">\n\t\t\t\n\t\t\t<div class=\"wpr-flip-box-item wpr-flip-box-front wpr-anim-timing-ease-default\">\n\n\t\t\t\t<div class=\"wpr-flip-box-overlay\"><\/div>\n\n\t\t\t\t<div class=\"wpr-flip-box-content\">\n\t\t\t\t\t\n\t\t\t\t\t\t\t\t\t\t<div class=\"wpr-flip-box-image\">\n\t\t\t\t\t\t<img decoding=\"async\" alt=\"\" src=\"https:\/\/niyamdu-dro.fr\/wp-content\/uploads\/2024\/02\/excel.png\" >\n\t\t\t\t\t<\/div>\n\t\t\t\t\t\t\t\t\t\t\n\t\t\t\t\t\n\t\t\t\t\t\t\t\t\t\t\t<div class=\"wpr-flip-box-description\"><p>En bref, dans ce tableau, l'ensemble des actions r\u00e9alis\u00e9es par Niyamdu Dro depuis sa cr\u00e9ation.<\/p><\/div>\t\t\t\t\t\t\n\t\t\t\t\t\t\n\n\t\t\t\t\t\t\n\n\t\t\t\t<\/div>\n\t\t\t<\/div>\n\n\t\t\t<div class=\"wpr-flip-box-item wpr-flip-box-back wpr-anim-timing-ease-default\">\n\n\t\t\t\t<div class=\"wpr-flip-box-overlay\"><\/div>\n\t\t\t\t\n\t\t\t\t<div class=\"wpr-flip-box-content\">\n\t\t\t\t\t\n\t\t\t\t\t\t\t\t\t\t<a class=\"wpr-flip-box-link\" href=\"https:\/\/niyamdu-dro.fr\/wp-content\/uploads\/2024\/11\/Recapitulation-des-actions.xlsx\"><\/a>\t\n\t\t\t\t\t\n\t\t\t\t\t\t\t\t\t\t\n\t\t\t\t\t\n\t\t\t\t\t\t\t\t\t\t\t<div class=\"wpr-flip-box-description\"><p><img decoding=\"async\" class=\"aligncenter wp-image-1262 size-thumbnail\" src=\"https:\/\/niyamdu-dro.fr\/wp-content\/uploads\/2024\/02\/excel-150x150.png\" alt=\"\" width=\"150\" height=\"150\" srcset=\"https:\/\/niyamdu-dro.fr\/wp-content\/uploads\/2024\/02\/excel-150x150.png 150w, https:\/\/niyamdu-dro.fr\/wp-content\/uploads\/2024\/02\/excel-1536x1536.png 1536w, https:\/\/niyamdu-dro.fr\/wp-content\/uploads\/2024\/02\/excel-300x300.png 300w, https:\/\/niyamdu-dro.fr\/wp-content\/uploads\/2024\/02\/excel-583x583.png 583w, https:\/\/niyamdu-dro.fr\/wp-content\/uploads\/2024\/02\/excel-768x768.png 768w, https:\/\/niyamdu-dro.fr\/wp-content\/uploads\/2024\/02\/excel-1024x1024.png 1024w, https:\/\/niyamdu-dro.fr\/wp-content\/uploads\/2024\/02\/excel.png 2000w\" sizes=\"(max-width: 150px) 100vw, 150px\" \/><\/p><\/div>\t\t\t\t\t\t\n\t\t\t\t\t\t\n\n\t\t\t\t\t\t\n\n\t\t\t\t<\/div>\n\t\t\t<\/div>\n\t\t<\/div>\n\n\t\t\t\t<\/div>\n\t\t\t\t<\/div>\n\t\t\t\t\t<\/div>\n\t\t\t\t<\/div>\n\t\t\t\t<\/div>\n\t\t","protected":false},"excerpt":{"rendered":"<p>En bref, dans ce tableau, l&rsquo;ensemble des actions r\u00e9alis\u00e9es par Niyamdu Dro depuis sa cr\u00e9ation.<\/p>\n","protected":false},"author":2,"featured_media":1125,"parent":0,"menu_order":0,"comment_status":"closed","ping_status":"closed","template":"","meta":{"footnotes":""},"class_list":["post-1253","page","type-page","status-publish","has-post-thumbnail","hentry"],"_links":{"self":[{"href":"https:\/\/niyamdu-dro.fr\/index.php?rest_route=\/wp\/v2\/pages\/1253"}],"collection":[{"href":"https:\/\/niyamdu-dro.fr\/index.php?rest_route=\/wp\/v2\/pages"}],"about":[{"href":"https:\/\/niyamdu-dro.fr\/index.php?rest_route=\/wp\/v2\/types\/page"}],"author":[{"embeddable":true,"href":"https:\/\/niyamdu-dro.fr\/index.php?rest_route=\/wp\/v2\/users\/2"}],"replies":[{"embeddable":true,"href":"https:\/\/niyamdu-dro.fr\/index.php?rest_route=%2Fwp%2Fv2%2Fcomments&post=1253"}],"version-history":[{"count":22,"href":"https:\/\/niyamdu-dro.fr\/index.php?rest_route=\/wp\/v2\/pages\/1253\/revisions"}],"predecessor-version":[{"id":1971,"href":"https:\/\/niyamdu-dro.fr\/index.php?rest_route=\/wp\/v2\/pages\/1253\/revisions\/1971"}],"wp:featuredmedia":[{"embeddable":true,"href":"https:\/\/niyamdu-dro.fr\/index.php?rest_route=\/wp\/v2\/media\/1125"}],"wp:attachment":[{"href":"https:\/\/niyamdu-dro.fr\/index.php?rest_route=%2Fwp%2Fv2%2Fmedia&parent=1253"}],"curies":[{"name":"wp","href":"https:\/\/api.w.org\/{rel}","templated":true}]}}