{"id":1370,"date":"2024-03-01T16:57:28","date_gmt":"2024-03-01T16:57:28","guid":{"rendered":"https:\/\/niyamdu-dro.fr\/?page_id=1370"},"modified":"2024-03-11T09:07:14","modified_gmt":"2024-03-11T09:07:14","slug":"actions-de-sensibilisation","status":"publish","type":"page","link":"https:\/\/niyamdu-dro.fr\/?page_id=1370","title":{"rendered":"Actions de sensibilisation"},"content":{"rendered":"\t\t<div data-elementor-type=\"wp-page\" data-elementor-id=\"1370\" class=\"elementor elementor-1370\">\n\t\t\t\t<div class=\"elementor-element elementor-element-56823d9 e-flex e-con-boxed wpr-particle-no wpr-jarallax-no wpr-parallax-no wpr-sticky-section-no e-con e-parent\" data-id=\"56823d9\" data-element_type=\"container\">\n\t\t\t\t\t<div class=\"e-con-inner\">\n\t\t\t\t<div class=\"elementor-element elementor-element-20d908d elementor-widget elementor-widget-text-editor\" data-id=\"20d908d\" data-element_type=\"widget\" data-widget_type=\"text-editor.default\">\n\t\t\t\t<div class=\"elementor-widget-container\">\n\t\t\t\t\t\t\t<p><strong>2023<\/strong><\/p><ul><li>Participation \u00e0 Festisol (semaine de la solidarit\u00e9 internationale)<\/li><li>Intervention aupr\u00e8s de classes de lyc\u00e9ens<\/li><\/ul><p><strong>2018<\/strong><\/p><ul><li>Tenue d\u2019un stand au festival \u00ab\u00a0Curieux Voyageurs\u00a0\u00bb \u00e0\u00a0<em>Saint Etienne<\/em><\/li><li>Projection du film \u00ab\u00a0Niyamdu Dro\u00a0et Himalaya Solaire\u00a0: T\u00e9moignages de la Mission Tongde 2017\u00a0\u00bb et conf\u00e9rence au festival \u00ab\u00a0Curieux Voyageurs\u00a0\u00bb \u00e0\u00a0<em>Saint Etienne<\/em><\/li><\/ul><p><strong>2017<\/strong><\/p><ul><li>Tenue d\u2019un stand Niyamdu Dro au festival \u00ab\u00a0curieux voyageurs \u00a0\u00bb \u00e0\u00a0<em>Saint-Etienne<\/em><\/li><\/ul><p><strong>2016<\/strong><\/p><ul><li>Tenue d\u2019un stand Niyamdu Dro au festival \u00ab\u00a0curieux voyageurs\u00a0\u00bb \u00e0\u00a0<em>Saint-Etienne<\/em><\/li><\/ul><p><strong>2015<\/strong><\/p><ul><li>Tenue d\u2019un stand Niyamdu Dro au festival \u00ab\u00a0Curieux Voyageurs\u00a0\u00bb \u00e0\u00a0<em>Saint-Etienne<\/em><\/li><\/ul><p><strong>2014<\/strong><\/p><ul><li>Participation \u00e0 la semaine de la solidarit\u00e9 internationale \u00e0\u00a0<em>Amb\u00e9rieu-en-Bugey<\/em><\/li><\/ul><p><strong>2013<\/strong><\/p><ul><li>Participation \u00e0 la semaine de la solidarit\u00e9 internationale \u00e0\u00a0<em>Amb\u00e9rieu-en-Bugey<\/em><\/li><\/ul><p><strong>2012<\/strong><\/p><ul><li>2\u00e8mes rencontres himalayennes \u00e0 <em>Amb\u00e9rieu-en-Bugey<\/em>\u00a0(conf\u00e9rences, films expositions\u2026)<\/li><li>Sensibilisation des \u00e9l\u00e8ves du coll\u00e8ge de Lagnieu, du Lyc\u00e9e d\u2019<em>Amb\u00e9rieu-en-Bugey<\/em>, du Lyc\u00e9e de\u00a0<em>Saint-Sorlin<\/em><\/li><li>Participation \u00e0 la semaine de la solidarit\u00e9 internationale \u00e0\u00a0<em>Amb\u00e9rieu-en-Bugey<\/em><\/li><\/ul><p><strong>2011<\/strong><\/p><ul><li>Sensibilisation des \u00e9l\u00e8ves des lyc\u00e9es de\u00a0<em>Saint-Sorlin<\/em>\u00a0et de\u00a0<em>Villars les Dombes<\/em><\/li><li>Participation \u00e0 la semaine de la solidarit\u00e9 internationale \u00e0 Amb\u00e9rieu-en-Bugey<\/li><li>Exposition de photos \u00e0 la mairie d\u2019<em>Amb\u00e9rieu-en-Bugey<\/em>\u00a0dans le cadre du mois de l\u2019Inde<\/li><\/ul><p><strong>2010<\/strong><\/p><ul><li>Premi\u00e8res rencontres himalayennes \u00e0\u00a0<em>Amb\u00e9rieu-en-Bugey<\/em> (conf\u00e9rences, films, expositions\u2026 )<\/li><\/ul>\t\t\t\t\t\t<\/div>\n\t\t\t\t<\/div>\n\t\t\t\t\t<\/div>\n\t\t\t\t<\/div>\n\t\t\t\t<\/div>\n\t\t","protected":false},"excerpt":{"rendered":"<p>2023 Participation \u00e0 Festisol (semaine de la solidarit\u00e9 internationale) Intervention aupr\u00e8s de classes de lyc\u00e9ens 2018 Tenue d\u2019un stand au festival \u00ab\u00a0Curieux Voyageurs\u00a0\u00bb \u00e0\u00a0Saint Etienne &hellip;<\/p>\n","protected":false},"author":2,"featured_media":1627,"parent":0,"menu_order":0,"comment_status":"closed","ping_status":"closed","template":"","meta":{"footnotes":""},"class_list":["post-1370","page","type-page","status-publish","has-post-thumbnail","hentry"],"_links":{"self":[{"href":"https:\/\/niyamdu-dro.fr\/index.php?rest_route=\/wp\/v2\/pages\/1370"}],"collection":[{"href":"https:\/\/niyamdu-dro.fr\/index.php?rest_route=\/wp\/v2\/pages"}],"about":[{"href":"https:\/\/niyamdu-dro.fr\/index.php?rest_route=\/wp\/v2\/types\/page"}],"author":[{"embeddable":true,"href":"https:\/\/niyamdu-dro.fr\/index.php?rest_route=\/wp\/v2\/users\/2"}],"replies":[{"embeddable":true,"href":"https:\/\/niyamdu-dro.fr\/index.php?rest_route=%2Fwp%2Fv2%2Fcomments&post=1370"}],"version-history":[{"count":4,"href":"https:\/\/niyamdu-dro.fr\/index.php?rest_route=\/wp\/v2\/pages\/1370\/revisions"}],"predecessor-version":[{"id":1374,"href":"https:\/\/niyamdu-dro.fr\/index.php?rest_route=\/wp\/v2\/pages\/1370\/revisions\/1374"}],"wp:featuredmedia":[{"embeddable":true,"href":"https:\/\/niyamdu-dro.fr\/index.php?rest_route=\/wp\/v2\/media\/1627"}],"wp:attachment":[{"href":"https:\/\/niyamdu-dro.fr\/index.php?rest_route=%2Fwp%2Fv2%2Fmedia&parent=1370"}],"curies":[{"name":"wp","href":"https:\/\/api.w.org\/{rel}","templated":true}]}}