{"id":1632,"date":"2024-05-24T15:03:07","date_gmt":"2024-05-24T15:03:07","guid":{"rendered":"https:\/\/niyamdu-dro.fr\/?page_id=1632"},"modified":"2024-11-12T12:21:04","modified_gmt":"2024-11-12T12:21:04","slug":"ama-se-bi","status":"publish","type":"page","link":"https:\/\/niyamdu-dro.fr\/","title":{"rendered":""},"content":{"rendered":"\t\t<div data-elementor-type=\"wp-page\" data-elementor-id=\"1632\" class=\"elementor elementor-1632\">\n\t\t\t\t<div class=\"elementor-element elementor-element-a824ac6 e-flex e-con-boxed wpr-particle-no wpr-jarallax-no wpr-parallax-no wpr-sticky-section-no elementor-invisible e-con e-parent\" data-id=\"a824ac6\" data-element_type=\"container\" data-settings=\"{&quot;animation&quot;:&quot;fadeIn&quot;}\">\n\t\t\t\t\t<div class=\"e-con-inner\">\n\t\t\t\t<div class=\"elementor-element elementor-element-cceeee2 elementor-widget elementor-widget-heading\" data-id=\"cceeee2\" data-element_type=\"widget\" data-widget_type=\"heading.default\">\n\t\t\t\t<div class=\"elementor-widget-container\">\n\t\t\t<h1 class=\"elementor-heading-title elementor-size-default\">MISSION 2024<\/h1>\t\t<\/div>\n\t\t\t\t<\/div>\n\t\t\t\t\t<\/div>\n\t\t\t\t<\/div>\n\t\t<div class=\"elementor-element elementor-element-4f33c8b e-grid e-con-boxed wpr-particle-no wpr-jarallax-no wpr-parallax-no wpr-sticky-section-no elementor-invisible e-con e-parent\" data-id=\"4f33c8b\" data-element_type=\"container\" data-settings=\"{&quot;animation&quot;:&quot;fadeIn&quot;}\">\n\t\t\t\t\t<div class=\"e-con-inner\">\n\t\t\t\t<div class=\"elementor-element elementor-element-ee18d09 elementor-widget elementor-widget-image\" data-id=\"ee18d09\" data-element_type=\"widget\" data-widget_type=\"image.default\">\n\t\t\t\t<div class=\"elementor-widget-container\">\n\t\t\t\t\t\t\t\t\t\t<figure class=\"wp-caption\">\n\t\t\t\t\t\t\t\t\t\t<img fetchpriority=\"high\" decoding=\"async\" width=\"225\" height=\"300\" src=\"https:\/\/niyamdu-dro.fr\/wp-content\/uploads\/2024\/05\/received_927174889155919-225x300.jpeg\" class=\"attachment-medium size-medium wp-image-1631\" alt=\"\" srcset=\"https:\/\/niyamdu-dro.fr\/wp-content\/uploads\/2024\/05\/received_927174889155919-225x300.jpeg 225w, https:\/\/niyamdu-dro.fr\/wp-content\/uploads\/2024\/05\/received_927174889155919-1152x1536.jpeg 1152w, https:\/\/niyamdu-dro.fr\/wp-content\/uploads\/2024\/05\/received_927174889155919-1536x2048.jpeg 1536w, https:\/\/niyamdu-dro.fr\/wp-content\/uploads\/2024\/05\/received_927174889155919-200x267.jpeg 200w, https:\/\/niyamdu-dro.fr\/wp-content\/uploads\/2024\/05\/received_927174889155919-583x777.jpeg 583w, https:\/\/niyamdu-dro.fr\/wp-content\/uploads\/2024\/05\/received_927174889155919-768x1024.jpeg 768w, https:\/\/niyamdu-dro.fr\/wp-content\/uploads\/2024\/05\/received_927174889155919-scaled.jpeg 1920w\" sizes=\"(max-width: 225px) 100vw, 225px\" \/>\t\t\t\t\t\t\t\t\t\t\t<figcaption class=\"widget-image-caption wp-caption-text\">AMA se bouge pour trouver des fonds<\/figcaption>\n\t\t\t\t\t\t\t\t\t\t<\/figure>\n\t\t\t\t\t\t\t<\/div>\n\t\t\t\t<\/div>\n\t\t\t\t<div class=\"elementor-element elementor-element-09f8517 elementor-widget elementor-widget-text-editor\" data-id=\"09f8517\" data-element_type=\"widget\" data-widget_type=\"text-editor.default\">\n\t\t\t\t<div class=\"elementor-widget-container\">\n\t\t\t\t\t\t\t<p><a href=\"https:\/\/niyamdu-dro.fr\/?p=1839\"><img decoding=\"async\" class=\"wp-image-1748 alignleft\" src=\"https:\/\/niyamdu-dro.fr\/wp-content\/uploads\/2024\/11\/pngegg-1-300x300.png\" alt=\"\" width=\"100\" height=\"100\" srcset=\"https:\/\/niyamdu-dro.fr\/wp-content\/uploads\/2024\/11\/pngegg-1-300x300.png 300w, https:\/\/niyamdu-dro.fr\/wp-content\/uploads\/2024\/11\/pngegg-1-200x200.png 200w, https:\/\/niyamdu-dro.fr\/wp-content\/uploads\/2024\/11\/pngegg-1-150x150.png 150w, https:\/\/niyamdu-dro.fr\/wp-content\/uploads\/2024\/11\/pngegg-1.png 512w\" sizes=\"(max-width: 100px) 100vw, 100px\" \/><\/a><a href=\"https:\/\/niyamdu-dro.fr\/?p=1839\">Juillet 2024 :<\/a><\/p><p><a href=\"https:\/\/niyamdu-dro.fr\/?p=1839\"> Nos actions<\/a><\/p>\t\t\t\t\t\t<\/div>\n\t\t\t\t<\/div>\n\t\t\t\t\t<\/div>\n\t\t\t\t<\/div>\n\t\t<div class=\"elementor-element elementor-element-6553b7c e-flex e-con-boxed wpr-particle-no wpr-jarallax-no wpr-parallax-no wpr-sticky-section-no elementor-invisible e-con e-parent\" data-id=\"6553b7c\" data-element_type=\"container\" data-settings=\"{&quot;animation&quot;:&quot;fadeIn&quot;}\">\n\t\t\t\t\t<div class=\"e-con-inner\">\n\t\t\t\t<div class=\"elementor-element elementor-element-4984cfd elementor-widget elementor-widget-text-editor\" data-id=\"4984cfd\" data-element_type=\"widget\" data-widget_type=\"text-editor.default\">\n\t\t\t\t<div class=\"elementor-widget-container\">\n\t\t\t\t\t\t\t<p><a href=\"https:\/\/www.helloasso.com\/associations\/niyamdu-dro\/collectes\/cooperation-decentralisee-dans-l-himalaya-indien\"><img decoding=\"async\" class=\"size-medium wp-image-1333 aligncenter\" src=\"https:\/\/niyamdu-dro.fr\/wp-content\/uploads\/2024\/03\/12476-NOB44S-300x300.jpg\" alt=\"\" width=\"300\" height=\"300\" srcset=\"https:\/\/niyamdu-dro.fr\/wp-content\/uploads\/2024\/03\/12476-NOB44S-300x300.jpg 300w, https:\/\/niyamdu-dro.fr\/wp-content\/uploads\/2024\/03\/12476-NOB44S-1536x1536.jpg 1536w, https:\/\/niyamdu-dro.fr\/wp-content\/uploads\/2024\/03\/12476-NOB44S-583x583.jpg 583w, https:\/\/niyamdu-dro.fr\/wp-content\/uploads\/2024\/03\/12476-NOB44S-150x150.jpg 150w, https:\/\/niyamdu-dro.fr\/wp-content\/uploads\/2024\/03\/12476-NOB44S-768x768.jpg 768w, https:\/\/niyamdu-dro.fr\/wp-content\/uploads\/2024\/03\/12476-NOB44S-1024x1024.jpg 1024w, https:\/\/niyamdu-dro.fr\/wp-content\/uploads\/2024\/03\/12476-NOB44S.jpg 1667w\" sizes=\"(max-width: 300px) 100vw, 300px\" \/><\/a>Merci \u00e0 nos contributeurs pour le coup de pouce\u00a0!<\/p><p>La cagnotte a rapport\u00e9 6906\u20ac (objectif initial 7000\u20ac)<\/p>\t\t\t\t\t\t<\/div>\n\t\t\t\t<\/div>\n\t\t\t\t\t<\/div>\n\t\t\t\t<\/div>\n\t\t<div class=\"elementor-element elementor-element-090e146 e-flex e-con-boxed wpr-particle-no wpr-jarallax-no wpr-parallax-no wpr-sticky-section-no e-con e-parent\" data-id=\"090e146\" data-element_type=\"container\">\n\t\t\t\t\t<div class=\"e-con-inner\">\n\t\t\t\t<div class=\"elementor-element elementor-element-b43546b elementor-widget elementor-widget-spacer\" data-id=\"b43546b\" data-element_type=\"widget\" data-widget_type=\"spacer.default\">\n\t\t\t\t<div class=\"elementor-widget-container\">\n\t\t\t\t\t<div class=\"elementor-spacer\">\n\t\t\t<div class=\"elementor-spacer-inner\"><\/div>\n\t\t<\/div>\n\t\t\t\t<\/div>\n\t\t\t\t<\/div>\n\t\t\t\t\t<\/div>\n\t\t\t\t<\/div>\n\t\t<div class=\"elementor-element elementor-element-07ee410 e-flex e-con-boxed wpr-particle-no wpr-jarallax-no wpr-parallax-no wpr-sticky-section-no elementor-invisible e-con e-parent\" data-id=\"07ee410\" data-element_type=\"container\" data-settings=\"{&quot;animation&quot;:&quot;fadeIn&quot;}\">\n\t\t\t\t\t<div class=\"e-con-inner\">\n\t\t\t\t<div class=\"elementor-element elementor-element-1acc3bf elementor-widget elementor-widget-spacer\" data-id=\"1acc3bf\" data-element_type=\"widget\" data-widget_type=\"spacer.default\">\n\t\t\t\t<div class=\"elementor-widget-container\">\n\t\t\t\t\t<div class=\"elementor-spacer\">\n\t\t\t<div class=\"elementor-spacer-inner\"><\/div>\n\t\t<\/div>\n\t\t\t\t<\/div>\n\t\t\t\t<\/div>\n\t\t\t\t<div class=\"elementor-element elementor-element-affa857 elementor-widget elementor-widget-heading\" data-id=\"affa857\" data-element_type=\"widget\" data-widget_type=\"heading.default\">\n\t\t\t\t<div class=\"elementor-widget-container\">\n\t\t\t<h1 class=\"elementor-heading-title elementor-size-default\">L'ASSOCIATION<\/h1>\t\t<\/div>\n\t\t\t\t<\/div>\n\t\t\t\t<div class=\"elementor-element elementor-element-4f931c2 elementor-invisible elementor-widget elementor-widget-text-editor\" data-id=\"4f931c2\" data-element_type=\"widget\" data-settings=\"{&quot;_animation&quot;:&quot;fadeIn&quot;}\" data-widget_type=\"text-editor.default\">\n\t\t\t\t<div class=\"elementor-widget-container\">\n\t\t\t\t\t\t\t<p>L\u2019association NIYAMDU DRO \u2013 \u00ab marchons ensemble \u00bb en tib\u00e9tain \u2013 est une association loi 1901 \u00e0 but non lucratif cr\u00e9\u00e9e en 2006 \u00e0 Amb\u00e9rieu-en-Bugey (D\u00e9partement de l\u2019Ain-R\u00e9gion Auvergne-Rh\u00f4ne-Alpes).<\/p>\n<p>\u00a0NIYAMDU DRO accompagne les habitants des hautes vall\u00e9es dans la gestion harmonieuse de leur propre avenir dans une logique de d\u00e9veloppement durable.<img loading=\"lazy\" decoding=\"async\" class=\"alignnone wp-image-1081 size-full\" src=\"https:\/\/niyamdu-dro.fr\/wp-content\/uploads\/2023\/10\/Logo-Niyamdudro-fond-blanc.png\" alt=\"\" width=\"943\" height=\"369\" srcset=\"https:\/\/niyamdu-dro.fr\/wp-content\/uploads\/2023\/10\/Logo-Niyamdudro-fond-blanc.png 943w, https:\/\/niyamdu-dro.fr\/wp-content\/uploads\/2023\/10\/Logo-Niyamdudro-fond-blanc-583x228.png 583w, https:\/\/niyamdu-dro.fr\/wp-content\/uploads\/2023\/10\/Logo-Niyamdudro-fond-blanc-620x243.png 620w, https:\/\/niyamdu-dro.fr\/wp-content\/uploads\/2023\/10\/Logo-Niyamdudro-fond-blanc-767x300.png 767w, https:\/\/niyamdu-dro.fr\/wp-content\/uploads\/2023\/10\/Logo-Niyamdudro-fond-blanc-512x200.png 512w, https:\/\/niyamdu-dro.fr\/wp-content\/uploads\/2023\/10\/Logo-Niyamdudro-fond-blanc-300x117.png 300w, https:\/\/niyamdu-dro.fr\/wp-content\/uploads\/2023\/10\/Logo-Niyamdudro-fond-blanc-768x301.png 768w\" sizes=\"(max-width: 943px) 100vw, 943px\" \/><\/p>\t\t\t\t\t\t<\/div>\n\t\t\t\t<\/div>\n\t\t\t\t\t<\/div>\n\t\t\t\t<\/div>\n\t\t<div class=\"elementor-element elementor-element-cc779e2 e-flex e-con-boxed wpr-particle-no wpr-jarallax-no wpr-parallax-no wpr-sticky-section-no elementor-invisible e-con e-parent\" data-id=\"cc779e2\" data-element_type=\"container\" data-settings=\"{&quot;animation&quot;:&quot;fadeIn&quot;}\">\n\t\t\t\t\t<div class=\"e-con-inner\">\n\t\t\t\t<div class=\"elementor-element elementor-element-adac733 elementor-widget elementor-widget-spacer\" data-id=\"adac733\" data-element_type=\"widget\" data-widget_type=\"spacer.default\">\n\t\t\t\t<div class=\"elementor-widget-container\">\n\t\t\t\t\t<div class=\"elementor-spacer\">\n\t\t\t<div class=\"elementor-spacer-inner\"><\/div>\n\t\t<\/div>\n\t\t\t\t<\/div>\n\t\t\t\t<\/div>\n\t\t\t\t<div class=\"elementor-element elementor-element-df0271f elementor-widget elementor-widget-heading\" data-id=\"df0271f\" data-element_type=\"widget\" data-widget_type=\"heading.default\">\n\t\t\t\t<div class=\"elementor-widget-container\">\n\t\t\t<h2 class=\"elementor-heading-title elementor-size-default\">NOUS CONTACTER<\/h2>\t\t<\/div>\n\t\t\t\t<\/div>\n\t\t\t\t\t<\/div>\n\t\t\t\t<\/div>\n\t\t<div class=\"elementor-element elementor-element-e9103d6 e-flex e-con-boxed wpr-particle-no wpr-jarallax-no wpr-parallax-no wpr-sticky-section-no e-con e-parent\" data-id=\"e9103d6\" data-element_type=\"container\">\n\t\t\t\t\t<div class=\"e-con-inner\">\n\t\t\t\t<div class=\"elementor-element elementor-element-bf74b3a elementor-invisible elementor-widget elementor-widget-text-editor\" data-id=\"bf74b3a\" data-element_type=\"widget\" data-settings=\"{&quot;_animation&quot;:&quot;fadeIn&quot;}\" data-widget_type=\"text-editor.default\">\n\t\t\t\t<div class=\"elementor-widget-container\">\n\t\t\t\t\t\t\t<p>Par mail : <a href=\"mailto:niyamdu.dro@free.fr\">niyamdu.dro@free.fr<\/a><\/p>\n<p>\u00a0<\/p>\n<p>Par courrier :<\/p>\n<p>Niyamdu dro &#8211; MJC<\/p>\n<p>Place Jules Ferry<\/p>\n<p>01500 Amb\u00e9rieu-en-Bugey<\/p>\t\t\t\t\t\t<\/div>\n\t\t\t\t<\/div>\n\t\t\t\t\t<\/div>\n\t\t\t\t<\/div>\n\t\t<div class=\"elementor-element elementor-element-439423d e-flex e-con-boxed wpr-particle-no wpr-jarallax-no wpr-parallax-no wpr-sticky-section-no elementor-invisible e-con e-parent\" data-id=\"439423d\" data-element_type=\"container\" data-settings=\"{&quot;animation&quot;:&quot;fadeIn&quot;}\">\n\t\t\t\t\t<div class=\"e-con-inner\">\n\t\t\t\t<div class=\"elementor-element elementor-element-6f87fc1 elementor-widget elementor-widget-heading\" data-id=\"6f87fc1\" data-element_type=\"widget\" data-widget_type=\"heading.default\">\n\t\t\t\t<div class=\"elementor-widget-container\">\n\t\t\t<h2 class=\"elementor-heading-title elementor-size-default\">Rejoignez-nous !<\/h2>\t\t<\/div>\n\t\t\t\t<\/div>\n\t\t\t\t\t<\/div>\n\t\t\t\t<\/div>\n\t\t<div class=\"elementor-element elementor-element-b96ced8 e-flex e-con-boxed wpr-particle-no wpr-jarallax-no wpr-parallax-no wpr-sticky-section-no elementor-invisible e-con e-parent\" data-id=\"b96ced8\" data-element_type=\"container\" data-settings=\"{&quot;animation&quot;:&quot;fadeIn&quot;}\">\n\t\t\t\t\t<div class=\"e-con-inner\">\n\t\t\t\t<div class=\"elementor-element elementor-element-ae705c3 elementor-widget elementor-widget-text-editor\" data-id=\"ae705c3\" data-element_type=\"widget\" data-widget_type=\"text-editor.default\">\n\t\t\t\t<div class=\"elementor-widget-container\">\n\t\t\t\t\t\t\t<p><a href=\"https:\/\/niyamdu-dro.fr\/wp-content\/uploads\/2024\/05\/Formulaire-dadhesion.docx\">Formulaire d&rsquo;adh\u00e9sion \u00e0 t\u00e9l\u00e9charger<\/a><\/p>\t\t\t\t\t\t<\/div>\n\t\t\t\t<\/div>\n\t\t\t\t\t<\/div>\n\t\t\t\t<\/div>\n\t\t\t\t<\/div>\n\t\t","protected":false},"excerpt":{"rendered":"<p>MISSION 2024 AMA se bouge pour trouver des fonds Juillet 2024 : Nos actions Merci \u00e0 nos contributeurs pour le coup de pouce\u00a0! La cagnotte &hellip;<\/p>\n","protected":false},"author":2,"featured_media":0,"parent":0,"menu_order":0,"comment_status":"closed","ping_status":"closed","template":"","meta":{"footnotes":""},"class_list":["post-1632","page","type-page","status-publish","hentry"],"_links":{"self":[{"href":"https:\/\/niyamdu-dro.fr\/index.php?rest_route=\/wp\/v2\/pages\/1632"}],"collection":[{"href":"https:\/\/niyamdu-dro.fr\/index.php?rest_route=\/wp\/v2\/pages"}],"about":[{"href":"https:\/\/niyamdu-dro.fr\/index.php?rest_route=\/wp\/v2\/types\/page"}],"author":[{"embeddable":true,"href":"https:\/\/niyamdu-dro.fr\/index.php?rest_route=\/wp\/v2\/users\/2"}],"replies":[{"embeddable":true,"href":"https:\/\/niyamdu-dro.fr\/index.php?rest_route=%2Fwp%2Fv2%2Fcomments&post=1632"}],"version-history":[{"count":137,"href":"https:\/\/niyamdu-dro.fr\/index.php?rest_route=\/wp\/v2\/pages\/1632\/revisions"}],"predecessor-version":[{"id":1963,"href":"https:\/\/niyamdu-dro.fr\/index.php?rest_route=\/wp\/v2\/pages\/1632\/revisions\/1963"}],"wp:attachment":[{"href":"https:\/\/niyamdu-dro.fr\/index.php?rest_route=%2Fwp%2Fv2%2Fmedia&parent=1632"}],"curies":[{"name":"wp","href":"https:\/\/api.w.org\/{rel}","templated":true}]}}