{"id":30,"date":"2015-01-20T12:46:10","date_gmt":"2015-01-20T12:46:10","guid":{"rendered":"http:\/\/niyamdu-dro.fr\/?page_id=30"},"modified":"2024-03-08T14:41:56","modified_gmt":"2024-03-08T14:41:56","slug":"lassociation","status":"publish","type":"page","link":"https:\/\/niyamdu-dro.fr\/?page_id=30","title":{"rendered":""},"content":{"rendered":"\t\t<div data-elementor-type=\"wp-page\" data-elementor-id=\"30\" class=\"elementor elementor-30\">\n\t\t\t\t\t\t<section class=\"elementor-section elementor-top-section elementor-element elementor-element-3b004d25 elementor-section-boxed elementor-section-height-default elementor-section-height-default wpr-particle-no wpr-jarallax-no wpr-parallax-no wpr-sticky-section-no\" data-id=\"3b004d25\" data-element_type=\"section\" data-settings=\"{&quot;shape_divider_top&quot;:&quot;tilt&quot;}\">\n\t\t\t\t\t<div class=\"elementor-shape elementor-shape-top\" data-negative=\"false\">\n\t\t\t<svg xmlns=\"http:\/\/www.w3.org\/2000\/svg\" viewBox=\"0 0 1000 100\" preserveAspectRatio=\"none\">\n\t<path class=\"elementor-shape-fill\" d=\"M0,6V0h1000v100L0,6z\"\/>\n<\/svg>\t\t<\/div>\n\t\t\t\t\t<div class=\"elementor-container elementor-column-gap-default\">\n\t\t\t\t\t<div class=\"elementor-column elementor-col-100 elementor-top-column elementor-element elementor-element-2211b8a\" data-id=\"2211b8a\" data-element_type=\"column\">\n\t\t\t<div class=\"elementor-widget-wrap elementor-element-populated\">\n\t\t\t\t\t\t<div class=\"elementor-element elementor-element-4ac200a2 elementor-widget elementor-widget-text-editor\" data-id=\"4ac200a2\" data-element_type=\"widget\" data-widget_type=\"text-editor.default\">\n\t\t\t\t<div class=\"elementor-widget-container\">\n\t\t\t\t\t\t\t<p>\u00a0<\/p><p>\u00a0<\/p><p>Association 1901, NIYAMDU DRO a \u00e9t\u00e9 cr\u00e9\u00e9e en 2006 par quelques amis ayant d\u00e9couvert le\u00a0LADAKH lors d\u2019un voyage au Jammu-Cashemire (Inde). La rencontre d\u2019un jeune Ladakhi, engag\u00e9 dans le d\u00e9veloppement de sa r\u00e9gion, est d\u00e9terminante. Elle conduira \u00e0 la cr\u00e9ation de l\u2019association.<\/p><p>NIYAMDU DRO \u00ab Marchons ensemble \u00bb en tib\u00e9tain, nom choisi pour cette nouvelle association, est l\u2019illustration de cette rencontre.\u00a0<\/p><p>NIYAMDU DRO a pour but d\u2019aider les habitants des vall\u00e9es himalayennes, pour le d\u00e9veloppement \u00e9conomique, social et culturel et\u00a0 de leurs vall\u00e9es, tout en leur permettant d\u2019assurer la pr\u00e9servation de leur patrimoine.<\/p><p>L\u2019association est ouverte \u00e0 tous, sans discrimination, permettant une relation conviviale entre les participants. Elle s\u2019interdit toute attache avec un parti, un mouvement politique ou une religion<\/p><p>L\u2019association poursuit un but non lucratif (<em>article 2 des statuts d\u00e9pos\u00e9s en Pr\u00e9fecture de l\u2019Ain<\/em>).<\/p><p><a href=\"https:\/\/niyamdu-dro.fr\/wp-content\/uploads\/2024\/03\/Affiche.png\"><img fetchpriority=\"high\" decoding=\"async\" class=\"wp-image-1511 aligncenter\" src=\"https:\/\/niyamdu-dro.fr\/wp-content\/uploads\/2024\/03\/Affiche-225x300.png\" alt=\"\" width=\"200\" height=\"267\" \/><\/a><\/p>\t\t\t\t\t\t<\/div>\n\t\t\t\t<\/div>\n\t\t\t\t<div class=\"elementor-element elementor-element-2dc8ee2 elementor-widget elementor-widget-spacer\" data-id=\"2dc8ee2\" data-element_type=\"widget\" data-widget_type=\"spacer.default\">\n\t\t\t\t<div class=\"elementor-widget-container\">\n\t\t\t\t\t<div class=\"elementor-spacer\">\n\t\t\t<div class=\"elementor-spacer-inner\"><\/div>\n\t\t<\/div>\n\t\t\t\t<\/div>\n\t\t\t\t<\/div>\n\t\t\t\t\t<\/div>\n\t\t<\/div>\n\t\t\t\t\t<\/div>\n\t\t<\/section>\n\t\t\t\t<\/div>\n\t\t","protected":false},"excerpt":{"rendered":"<p>\u00a0 \u00a0 Association 1901, NIYAMDU DRO a \u00e9t\u00e9 cr\u00e9\u00e9e en 2006 par quelques amis ayant d\u00e9couvert le\u00a0LADAKH lors d\u2019un voyage au Jammu-Cashemire (Inde). La rencontre &hellip;<\/p>\n","protected":false},"author":1,"featured_media":1182,"parent":0,"menu_order":0,"comment_status":"closed","ping_status":"open","template":"","meta":{"footnotes":""},"class_list":["post-30","page","type-page","status-publish","has-post-thumbnail","hentry"],"_links":{"self":[{"href":"https:\/\/niyamdu-dro.fr\/index.php?rest_route=\/wp\/v2\/pages\/30"}],"collection":[{"href":"https:\/\/niyamdu-dro.fr\/index.php?rest_route=\/wp\/v2\/pages"}],"about":[{"href":"https:\/\/niyamdu-dro.fr\/index.php?rest_route=\/wp\/v2\/types\/page"}],"author":[{"embeddable":true,"href":"https:\/\/niyamdu-dro.fr\/index.php?rest_route=\/wp\/v2\/users\/1"}],"replies":[{"embeddable":true,"href":"https:\/\/niyamdu-dro.fr\/index.php?rest_route=%2Fwp%2Fv2%2Fcomments&post=30"}],"version-history":[{"count":52,"href":"https:\/\/niyamdu-dro.fr\/index.php?rest_route=\/wp\/v2\/pages\/30\/revisions"}],"predecessor-version":[{"id":1551,"href":"https:\/\/niyamdu-dro.fr\/index.php?rest_route=\/wp\/v2\/pages\/30\/revisions\/1551"}],"wp:featuredmedia":[{"embeddable":true,"href":"https:\/\/niyamdu-dro.fr\/index.php?rest_route=\/wp\/v2\/media\/1182"}],"wp:attachment":[{"href":"https:\/\/niyamdu-dro.fr\/index.php?rest_route=%2Fwp%2Fv2%2Fmedia&parent=30"}],"curies":[{"name":"wp","href":"https:\/\/api.w.org\/{rel}","templated":true}]}}